{"id":1477,"date":"2022-09-16T15:09:10","date_gmt":"2022-09-16T13:09:10","guid":{"rendered":"https:\/\/www.campinglesvagues.fr\/rentals"},"modified":"2022-10-25T11:30:46","modified_gmt":"2022-10-25T09:30:46","slug":"rentals","status":"publish","type":"page","link":"https:\/\/www.campinglesvagues.fr\/en\/rentals","title":{"rendered":"Rentals"},"content":{"rendered":"\n<h1 class=\"wp-block-heading\">Mobile home rental in Bretignolles-sur-Mer in Vend\u00e9e<br\/><\/h1>\n\n<p>For your <strong>camping<\/strong> <strong>vacations<\/strong> <strong>in Br\u00e9tignolles-sur-mer<\/strong>, go to Les Vagues, our <a href=\"https:\/\/www.campinglesvagues.fr\/en\">4 star campsite in Vend\u00e9e<\/a>. It is an ideal stay that we propose to you, by placing at your disposal various <strong>hirings of mobil-homes<\/strong>, which have the advantage of combining comfort and quality.<\/p>\n\n<p>Choose your <strong>rental accommodation<\/strong> from our range of <strong>mobile homes for rent<\/strong> that can accommodate 2 to 6 people:<\/p>\n\n<div class=\"wp-block-group heberg-list is-layout-flow wp-block-group-is-layout-flow\">\r\n<a href=\"https:\/\/www.campinglesvagues.fr\/en\/hebergement\/locations\"  class=\"multiple-item\">\r\n\t<div class=\"multiple-item-photo\">\r\n\t\t<img decoding=\"async\" src=\"https:\/\/www.campinglesvagues.fr\/wp-content\/uploads\/2022\/09\/IMG_20210822_111447.jpg\" alt=\"Locations\">\r\n\t<\/div>\r\n\r\n\t<div class=\"multiple-item-desc\">\r\n\t\t<div class=\"multiple-item-titre\">Locations<\/div>\r\n\r\n        <div class=\"multiple-items-fields\">\r\n            \r\n            \r\n                    <\/div>\r\n\r\n\t\t<div class=\"multiple-item--description\"><p>Campsites in Br\u00e9tignolles-sur-Mer in Vend\u00e9e The 4 star campsite in Bretignolles sur Mer Les Vagues campsite offers you its pitches in a pleasant, friendly and relaxing environment.You will be able to choose your pitch according to your tastes: shady, sunny, close to sanitary facilities or animations.In order to better satisfy you in the allocation of [&hellip;]<\/p>\n<\/div>\r\n\r\n\t\t<button href=\"https:\/\/www.campinglesvagues.fr\/en\/hebergement\/locations\" class=\"plus\">\r\n\t\t\tRead more\t\t<\/button>\r\n\t<\/div>\r\n<\/a>\r\n\r\n<hr class=\"hr-multiple-item\">\r\n\r\n<a href=\"https:\/\/www.campinglesvagues.fr\/en\/hebergement\/mobile-home-2-bedrooms-4-pers\"  class=\"multiple-item\">\r\n\t<div class=\"multiple-item-photo\">\r\n\t\t<img decoding=\"async\" src=\"https:\/\/www.campinglesvagues.fr\/wp-content\/uploads\/2022\/09\/mobil-home-terrasse-vendee.jpg\" alt=\"Mobile home 2 Bedrooms 4 Pers.\">\r\n\t<\/div>\r\n\r\n\t<div class=\"multiple-item-desc\">\r\n\t\t<div class=\"multiple-item-titre\">Mobile home 2 Bedrooms 4 Pers.<\/div>\r\n\r\n        <div class=\"multiple-items-fields\">\r\n                                            <div class=\"multiple-items-field\">\r\n                    <span class=\"val\">2<\/span>&nbsp;\r\n                    <span class=\"lbl\">bedrooms<\/span>\r\n                <\/div>\r\n            \r\n                                            <div class=\"multiple-items-field\">\r\n                    <span class=\"val\">4<\/span>&nbsp;\r\n                    <span class=\"lbl\">persons<\/span>\r\n                <\/div>\r\n            \r\n                            <div class=\"multiple-items-field\">\r\n                    <span class=\"lbl\">Surface&nbsp;:<\/span>&nbsp;\r\n                    <span class=\"val\">26&nbsp;m\u00b2<\/span>\r\n                <\/div>\r\n                    <\/div>\r\n\r\n\t\t<div class=\"multiple-item--description\"><p>Mobile home 2 Bedrooms 4 Pers. Pergolas 1 PARENTAL BEDROOM with a bed of 140\/190cm 1 room 2 single beds. 80\/190 cm, Bathroom with separate toiletEquipped living space: Kitchen area with 4 gas burners Refrigerator Freezer 2 doors Microwave TV Garden furniture Pet rental 5\u20ac per day Baby bed 15 \u20ac. Baby chair 15 \u20ac. [&hellip;]<\/p>\n<\/div>\r\n\r\n\t\t<button href=\"https:\/\/www.campinglesvagues.fr\/en\/hebergement\/mobile-home-2-bedrooms-4-pers\" class=\"plus\">\r\n\t\t\tRead more\t\t<\/button>\r\n\t<\/div>\r\n<\/a>\r\n\r\n<hr class=\"hr-multiple-item\">\r\n\r\n<a href=\"https:\/\/www.campinglesvagues.fr\/en\/hebergement\/mobile-home-pmr-4-pers\"  class=\"multiple-item\">\r\n\t<div class=\"multiple-item-photo\">\r\n\t\t<img decoding=\"async\" src=\"https:\/\/www.campinglesvagues.fr\/wp-content\/uploads\/2022\/09\/IMG_6123.jpg\" alt=\"Mobile home PMR 4 Pers.\">\r\n\t<\/div>\r\n\r\n\t<div class=\"multiple-item-desc\">\r\n\t\t<div class=\"multiple-item-titre\">Mobile home PMR 4 Pers.<\/div>\r\n\r\n        <div class=\"multiple-items-fields\">\r\n                                            <div class=\"multiple-items-field\">\r\n                    <span class=\"val\">2<\/span>&nbsp;\r\n                    <span class=\"lbl\">bedrooms<\/span>\r\n                <\/div>\r\n            \r\n                                            <div class=\"multiple-items-field\">\r\n                    <span class=\"val\">4<\/span>&nbsp;\r\n                    <span class=\"lbl\">persons<\/span>\r\n                <\/div>\r\n            \r\n                            <div class=\"multiple-items-field\">\r\n                    <span class=\"lbl\">Surface&nbsp;:<\/span>&nbsp;\r\n                    <span class=\"val\">30&nbsp;m\u00b2<\/span>\r\n                <\/div>\r\n                    <\/div>\r\n\r\n\t\t<div class=\"multiple-item--description\"><p>Mobile home PMR 4 Pers. 1 PARENTAL BEDROOM with a bed of 140\/190cm, 1 bedroom with 2 single beds. 80\/190 cm.Equipped living space: Kitchen area with 4 gas burners Refrigerator Freezer 2 doors Microwave TV Garden furniture Pet rental 5\u20ac per day Baby bed 15 \u20ac. Baby chair 15 \u20ac. Sheets 15 \u20ac. Household 50 [&hellip;]<\/p>\n<\/div>\r\n\r\n\t\t<button href=\"https:\/\/www.campinglesvagues.fr\/en\/hebergement\/mobile-home-pmr-4-pers\" class=\"plus\">\r\n\t\t\tRead more\t\t<\/button>\r\n\t<\/div>\r\n<\/a>\r\n\r\n<hr class=\"hr-multiple-item\">\r\n\r\n<a href=\"https:\/\/www.campinglesvagues.fr\/en\/hebergement\/mobil-home-6-pers\"  class=\"multiple-item\">\r\n\t<div class=\"multiple-item-photo\">\r\n\t\t<img decoding=\"async\" src=\"https:\/\/www.campinglesvagues.fr\/wp-content\/uploads\/2022\/09\/location-mobil-home-6-pers.jpg\" alt=\"Mobil home 6 PERS.\">\r\n\t<\/div>\r\n\r\n\t<div class=\"multiple-item-desc\">\r\n\t\t<div class=\"multiple-item-titre\">Mobil home 6 PERS.<\/div>\r\n\r\n        <div class=\"multiple-items-fields\">\r\n                                            <div class=\"multiple-items-field\">\r\n                    <span class=\"val\">3<\/span>&nbsp;\r\n                    <span class=\"lbl\">bedrooms<\/span>\r\n                <\/div>\r\n            \r\n                                            <div class=\"multiple-items-field\">\r\n                    <span class=\"val\">6<\/span>&nbsp;\r\n                    <span class=\"lbl\">persons<\/span>\r\n                <\/div>\r\n            \r\n                            <div class=\"multiple-items-field\">\r\n                    <span class=\"lbl\">Surface&nbsp;:<\/span>&nbsp;\r\n                    <span class=\"val\">32&nbsp;m\u00b2<\/span>\r\n                <\/div>\r\n                    <\/div>\r\n\r\n\t\t<div class=\"multiple-item--description\"><p>Mobil home 6 pers. 1 PARENTAL BEDROOM with a bed of 140\/190cm, 2 bedrooms with 2 single beds. 80\/190 cm, Bathroom, separate WCEquipped living space: Kitchen area with 4 gas burners Refrigerator Freezer 2 doors Microwave TV Garden furniture animal rental 4 \u20ac per day (1 max) Baby bed 15 \u20ac. Baby chair 15 \u20ac. [&hellip;]<\/p>\n<\/div>\r\n\r\n\t\t<button href=\"https:\/\/www.campinglesvagues.fr\/en\/hebergement\/mobil-home-6-pers\" class=\"plus\">\r\n\t\t\tRead more\t\t<\/button>\r\n\t<\/div>\r\n<\/a>\r\n\r\n<hr class=\"hr-multiple-item\">\r\n\r\n<a href=\"https:\/\/www.campinglesvagues.fr\/en\/hebergement\/mobile-home-4-pers\"  class=\"multiple-item\">\r\n\t<div class=\"multiple-item-photo\">\r\n\t\t<img decoding=\"async\" src=\"https:\/\/www.campinglesvagues.fr\/wp-content\/uploads\/2022\/09\/location-vendee.jpg\" alt=\"Mobile home 4 pers.\">\r\n\t<\/div>\r\n\r\n\t<div class=\"multiple-item-desc\">\r\n\t\t<div class=\"multiple-item-titre\">Mobile home 4 pers.<\/div>\r\n\r\n        <div class=\"multiple-items-fields\">\r\n                                            <div class=\"multiple-items-field\">\r\n                    <span class=\"val\">2<\/span>&nbsp;\r\n                    <span class=\"lbl\">bedrooms<\/span>\r\n                <\/div>\r\n            \r\n                                            <div class=\"multiple-items-field\">\r\n                    <span class=\"val\">4<\/span>&nbsp;\r\n                    <span class=\"lbl\">persons<\/span>\r\n                <\/div>\r\n            \r\n                            <div class=\"multiple-items-field\">\r\n                    <span class=\"lbl\">Surface&nbsp;:<\/span>&nbsp;\r\n                    <span class=\"val\">28&nbsp;m\u00b2<\/span>\r\n                <\/div>\r\n                    <\/div>\r\n\r\n\t\t<div class=\"multiple-item--description\"><p>Mobile home 4 pers. Comfort 1 PARENTAL BEDROOM with a bed of 140\/190cm 1 room 2 single beds. 80\/190 cm, Bathroom, separate WCEquipped living space: Kitchen area with 4 gas burners Refrigerator Freezer 2 doors Microwave TV Garden furniture Pet rental 5\u20ac per day Baby bed 15 \u20ac. Baby chair 15 \u20ac. Sheets 15 \u20ac. [&hellip;]<\/p>\n<\/div>\r\n\r\n\t\t<button href=\"https:\/\/www.campinglesvagues.fr\/en\/hebergement\/mobile-home-4-pers\" class=\"plus\">\r\n\t\t\tRead more\t\t<\/button>\r\n\t<\/div>\r\n<\/a>\r\n\r\n<hr class=\"hr-multiple-item\">\r\n<\/div>\n","protected":false},"excerpt":{"rendered":"<p>Mobile home rental in Bretignolles-sur-Mer in Vend\u00e9e For your camping vacations in Br\u00e9tignolles-sur-mer, go to Les Vagues, our 4 star campsite in Vend\u00e9e. It is an ideal stay that we propose to you, by placing at your disposal various hirings of mobil-homes, which have the advantage of combining comfort and quality. Choose your rental accommodation [&hellip;]<\/p>\n","protected":false},"author":1,"featured_media":0,"parent":0,"menu_order":0,"comment_status":"closed","ping_status":"closed","template":"","meta":{"_seopress_robots_primary_cat":"","_seopress_titles_title":"","_seopress_titles_desc":"","_seopress_robots_index":"","footnotes":""},"class_list":["post-1477","page","type-page","status-publish","hentry"],"_links":{"self":[{"href":"https:\/\/www.campinglesvagues.fr\/en\/wp-json\/wp\/v2\/pages\/1477","targetHints":{"allow":["GET"]}}],"collection":[{"href":"https:\/\/www.campinglesvagues.fr\/en\/wp-json\/wp\/v2\/pages"}],"about":[{"href":"https:\/\/www.campinglesvagues.fr\/en\/wp-json\/wp\/v2\/types\/page"}],"author":[{"embeddable":true,"href":"https:\/\/www.campinglesvagues.fr\/en\/wp-json\/wp\/v2\/users\/1"}],"replies":[{"embeddable":true,"href":"https:\/\/www.campinglesvagues.fr\/en\/wp-json\/wp\/v2\/comments?post=1477"}],"version-history":[{"count":1,"href":"https:\/\/www.campinglesvagues.fr\/en\/wp-json\/wp\/v2\/pages\/1477\/revisions"}],"predecessor-version":[{"id":1480,"href":"https:\/\/www.campinglesvagues.fr\/en\/wp-json\/wp\/v2\/pages\/1477\/revisions\/1480"}],"wp:attachment":[{"href":"https:\/\/www.campinglesvagues.fr\/en\/wp-json\/wp\/v2\/media?parent=1477"}],"curies":[{"name":"wp","href":"https:\/\/api.w.org\/{rel}","templated":true}]}}