{"id":1489,"date":"2022-08-31T15:43:04","date_gmt":"2022-08-31T13:43:04","guid":{"rendered":"https:\/\/www.campinglesvagues.fr\/our-ideas-for-outings"},"modified":"2022-10-25T11:31:08","modified_gmt":"2022-10-25T09:31:08","slug":"our-ideas-for-outings","status":"publish","type":"page","link":"https:\/\/www.campinglesvagues.fr\/en\/our-ideas-for-outings","title":{"rendered":"Our ideas for outings"},"content":{"rendered":"\n<h1 class=\"wp-block-heading\">Our ideas for outings in the Vend\u00e9e<\/h1>\n\n<div class=\"wp-block-columns is-layout-flex wp-container-core-columns-is-layout-28f84493 wp-block-columns-is-layout-flex\">\n<div class=\"wp-block-column is-layout-flow wp-block-column-is-layout-flow\">\n<p>The weekend of the ascension&#8230;<br\/>If you are visiting our campsite during this weekend, treat yourself to an evening at the <strong>7th Wave Music Festival<\/strong>.<br\/>This is a date to be checked off on your agenda&#8230;<br\/>Just take a look at the musical program of 2022 to get an idea of the quality of the proposed set (in bulk and on the bill we found IAM, Martin Solveig, SKA-P, Eddy de Pretto, Lilly Wood and the Prick, Danakil and many others).<\/p>\n\n\n\n<p>A gloomy weather, just want to swoon in front of a good movie, then go to the <strong>CINEMA le FIEF<\/strong>.<br\/>Address : 20 Rue du Clocher, in Bretignolles-sur-Mer<br\/>Telephone: 02 51 90 17 69<\/p>\n\n\n\n<p>You want to get your adrenaline going, to play a game of fear&#8230; Unless you are a card expert and the art of poker has no secrets for you&#8230;<br\/>Not far from the campsite you will find a casino.<\/p>\n\n\n\n<p><strong>Casino Royal Concorde<\/strong> in Saint Gilles Croix de Vie<br\/>Address : 2 Quai Garcie Ferrande, in Saint-Gilles-Croix-de-Vie<br\/>Hours : From 10:00 to 2:00 on weekdays until 3:00 on Fridays and 4:00 on Saturdays<\/p>\n<\/div>\n\n\n\n<div class=\"wp-block-column is-layout-flow wp-block-column-is-layout-flow\">\n<p>Horse racing enthusiasts will also find their happiness&#8230;<br\/><strong>The Malbrande racecourse<\/strong>, in Les Sables d&#8217;Olonne is famous.<br\/>From June to October, in a magnificent setting, it hosts numerous horse meetings.<\/p>\n\n\n\n<p>A nice little place to eat that is off the beaten track&#8230;<br\/><strong>The restaurant La Cabane<\/strong> is an atypical place located at the edge of the canals.<br\/>This exceptional setting is ideal for tasting a dozen oysters or any other flavors of the sea.<\/p>\n\n\n\n<p>An idea for a family outing&#8230;<br\/><strong>The Zoo des Sables<\/strong> is a really nice place to visit.<br\/>It takes about 2 hours to do the tour<br\/>The park is planted with trees and on hot days, it is really pleasant to walk around.<\/p>\n<\/div>\n<\/div>\n\n<div class=\"wp-block-cover alignfull is-light has-parallax\" style=\"background-image:url(https:\/\/www.campinglesvagues.fr\/wp-content\/uploads\/2022\/09\/IMG_4241-2-scaled.jpg)\"><span aria-hidden=\"true\" class=\"wp-block-cover__background has-background-dim\"><\/span><div class=\"wp-block-cover__inner-container is-layout-flow wp-block-cover-is-layout-flow\">\n<p class=\"has-text-align-center has-large-font-size\"><\/p>\n<\/div><\/div>\n","protected":false},"excerpt":{"rendered":"<p>Our ideas for outings in the Vend\u00e9e The weekend of the ascension&#8230;If you are visiting our campsite during this weekend, treat yourself to an evening at the 7th Wave Music Festival.This is a date to be checked off on your agenda&#8230;Just take a look at the musical program of 2022 to get an idea of [&hellip;]<\/p>\n","protected":false},"author":1,"featured_media":0,"parent":0,"menu_order":0,"comment_status":"closed","ping_status":"closed","template":"","meta":{"_seopress_robots_primary_cat":"","_seopress_titles_title":"Camping Vend\u00e9e ideas for outings - LES VAGUES **** - Camping Vend\u00e9e","_seopress_titles_desc":"Camping Vend\u00e9e with ideas for outings, in Br\u00e9tignolles-sur-Mer, the CAMPING LES VAGUES **** with aquatic area and heated indoor swimming pool welcomes you to rent comfort mobile homes and camping pitches","_seopress_robots_index":"","footnotes":""},"class_list":["post-1489","page","type-page","status-publish","hentry"],"_links":{"self":[{"href":"https:\/\/www.campinglesvagues.fr\/en\/wp-json\/wp\/v2\/pages\/1489","targetHints":{"allow":["GET"]}}],"collection":[{"href":"https:\/\/www.campinglesvagues.fr\/en\/wp-json\/wp\/v2\/pages"}],"about":[{"href":"https:\/\/www.campinglesvagues.fr\/en\/wp-json\/wp\/v2\/types\/page"}],"author":[{"embeddable":true,"href":"https:\/\/www.campinglesvagues.fr\/en\/wp-json\/wp\/v2\/users\/1"}],"replies":[{"embeddable":true,"href":"https:\/\/www.campinglesvagues.fr\/en\/wp-json\/wp\/v2\/comments?post=1489"}],"version-history":[{"count":1,"href":"https:\/\/www.campinglesvagues.fr\/en\/wp-json\/wp\/v2\/pages\/1489\/revisions"}],"predecessor-version":[{"id":1492,"href":"https:\/\/www.campinglesvagues.fr\/en\/wp-json\/wp\/v2\/pages\/1489\/revisions\/1492"}],"wp:attachment":[{"href":"https:\/\/www.campinglesvagues.fr\/en\/wp-json\/wp\/v2\/media?parent=1489"}],"curies":[{"name":"wp","href":"https:\/\/api.w.org\/{rel}","templated":true}]}}