{"id":1497,"date":"2022-08-31T15:20:24","date_gmt":"2022-08-31T13:20:24","guid":{"rendered":"https:\/\/www.campinglesvagues.fr\/100-nature-experience\/100-nature-experiences-day-2"},"modified":"2022-10-25T11:55:27","modified_gmt":"2022-10-25T09:55:27","slug":"100-nature-experiences-day-2","status":"publish","type":"page","link":"https:\/\/www.campinglesvagues.fr\/en\/the-experiments\/100-nature-experience\/100-nature-experiences-day-2","title":{"rendered":"100% nature experiences: day 2"},"content":{"rendered":"\n<h1 class=\"wp-block-heading\">100% nature experiences: day 2<\/h1>\n\n\n\n<h2 class=\"wp-block-heading\">Discovering the island of Yeu&#8230;<\/h2>\n\n\n\n<div class=\"wp-block-columns is-layout-flex wp-container-core-columns-is-layout-28f84493 wp-block-columns-is-layout-flex\">\n<div class=\"wp-block-column is-layout-flow wp-block-column-is-layout-flow\" style=\"flex-basis:66.66%\">\n<p>This 100% intense experience will require a small sacrifice for some&#8230;<br>Waking up at dawn (I&#8217;m exaggerating a bit) and in a good mood.<br>Indeed, we take you to <a href=\"https:\/\/www.campinglesvagues.fr\/en\/the-islands\">the island of Yeu<\/a>.<br>This island paradise with a rich history is worth a visit.<\/p>\n\n\n\n<p>To do this, we advise you to embark at 9:00 am.<br>This is the first departure.<\/p>\n\n\n\n<p>Meeting point at the pier of Saint Gilles Croix de Vie for a one-hour crossing to the island of Yeu.<\/p>\n<\/div>\n\n\n\n<div class=\"wp-block-column border border-dark card p-4 is-layout-flow wp-block-column-is-layout-flow\" style=\"flex-basis:33.33%\">\n<p class=\"h2-like has-vert-color has-text-color\"><strong><em>To know:  <\/em><\/strong><\/p>\n\n\n\n<p>You can consult all the rates on the following link:  <br><a href=\"https:\/\/www.compagnie-vendeenne.com\/fr\/tarifs\" target=\"_blank\" rel=\"noreferrer noopener\">https:\/\/www.compagnie-vendeenne.com\/fr\/tarifs<\/a><\/p>\n<\/div>\n<\/div>\n\n\n\n<p>Once you arrive in <strong>Port Joinville<\/strong>, the best thing to do is to rent a bicycle.<br>This is the best way to explore the trails and tour the island.<br>If the course does not present any major difficulty, it is nevertheless necessary to keep in mind that the tour of the island is 28 kilometers long and that it is necessary to count approximately 4H30 to come to the end of it, breaks included.<\/p>\n\n\n\n<h2 class=\"wp-block-heading\">Proposal for a small bike tour:<\/h2>\n\n\n\n<p>This 14 km long circuit is an interesting alternative to spend a short day on the island of Yeu. You will find all the information about this walk by clicking on the following link:<br>https:\/\/www.ile-yeu.fr\/que-faire-a-l-ile-d-yeu\/se-balader-a-pied-ou-a-velo\/les-balades-a-velo<\/p>\n\n\n\n<p class=\"has-vert-color has-text-color\"><strong><em>To see:<\/em><\/strong><\/p>\n\n\n\n<p>The island of Yeu is like a jewel polished by time. Intimate and wild coves, long sandy stretches, a steep coast with cliffs and incredible views&#8230;<br>The island of Yeu is a still preserved paradise, a singular destination that is impossible to forget.<br>Its discovery is an experience in itself!<\/p>\n\n\n\n<div class=\"wp-block-sev-featured-text is-style-highlight\"><div><div class=\"wp-block-sev-featured-text \"><em>It&#8217;s up to you to find the beach that will amaze and love you&#8230;<br>It&#8217;s up to you to find the best possible picnic spot.<br>Freedom is yours!<\/em><\/div><\/div><\/div>\n\n\n\n<h2 class=\"wp-block-heading\">Some places not to be missed&#8230;<\/h2>\n\n\n\n<p>For a swimming break in <strong>turquoise water<\/strong>, you will love the <strong>beach of Anse des Soux<\/strong>. White sand beach surrounded by rocks and cliffs, it is an emblematic place of the island. Simply heavenly!<\/p>\n\n\n\n<p><strong>Other nice beaches<\/strong>&#8230; Plage des Sabias, Plage de la Belle maison, Plage des Sapins&#8230;<\/p>\n\n\n\n<p><strong>The Port de la Meule<\/strong>, a small enclave that protects a fishing port with incredible charm.<\/p>\n\n\n\n<p><strong>The old castle<\/strong> evokes the rich history of the island since medieval times. For a guided tour of this fortress, contact <a rel=\"noreferrer noopener\" href=\"https:\/\/www.ile-yeu.fr\/que-faire-a-l-ile-d-yeu\/se-divertir\/activites-sur-l-ile\/le-vieux-chateau-2265885\" target=\"_blank\">the tourist office of the island of Yeu<\/a>.<\/p>\n\n\n\t\t\t<div id=\"sevgallery-1953223430\" class=\"sev-diaporama sev-diaporama-portfolio\">\r\n\t\t\t<div class=\"row\">\r\n\r\n\t\t\t\r\n\t\t\t\t\r\n\t\t\t\t<div class=\"sev-diaporama-portfolio-item col-12 col-sm \">\r\n\t\t\t\t\t\t\t\t\t\t<a href=\"https:\/\/www.campinglesvagues.fr\/wp-content\/uploads\/2022\/08\/ile-d-yeu-vue-aerienne-port-joinville.jpg\" data-lightbox=\"sevgallery-1953223430\" style=\"background-image: url(https:\/\/www.campinglesvagues.fr\/wp-content\/uploads\/2022\/08\/ile-d-yeu-vue-aerienne-port-joinville.jpg)\">\r\n\t\t\t\t\t\t\t\t\t\t\t<img decoding=\"async\" src=\"https:\/\/www.campinglesvagues.fr\/wp-content\/uploads\/2022\/08\/ile-d-yeu-vue-aerienne-port-joinville.jpg\" alt=\"\" loading=\"lazy\">\r\n\t\t\t\t\t\t\t\t\t\t<\/a>\r\n\t\t\t\t\t\t\t\t\t<\/div>\r\n\r\n\t\t\t\t\r\n\t\t\t\t\t\t\t\t\t\t\t\r\n\t\t\t\t\r\n\t\t\t\t<div class=\"sev-diaporama-portfolio-item col-12 col-sm  col-shrink\">\r\n\t\t\t\t\t\t\t\t\t\t<a href=\"https:\/\/www.campinglesvagues.fr\/wp-content\/uploads\/2022\/08\/ile-d-yeu-IMG_8494.jpg\" data-lightbox=\"sevgallery-1953223430\" style=\"background-image: url(https:\/\/www.campinglesvagues.fr\/wp-content\/uploads\/2022\/08\/ile-d-yeu-IMG_8494.jpg)\">\r\n\t\t\t\t\t\t\t\t\t\t\t<img decoding=\"async\" src=\"https:\/\/www.campinglesvagues.fr\/wp-content\/uploads\/2022\/08\/ile-d-yeu-IMG_8494.jpg\" alt=\"\" loading=\"lazy\">\r\n\t\t\t\t\t\t\t\t\t\t<\/a>\r\n\t\t\t\t\t\t\t\t\t<\/div>\r\n\r\n\t\t\t\t\r\n\t\t\t\t\t\t\t\t\t\t\t\r\n\t\t\t\t\r\n\t\t\t\t<div class=\"sev-diaporama-portfolio-item col-12 col-sm \">\r\n\t\t\t\t\t\t\t\t\t\t<a href=\"https:\/\/www.campinglesvagues.fr\/wp-content\/uploads\/2022\/08\/ile-d-yeu-IMG_8425.jpg\" data-lightbox=\"sevgallery-1953223430\" style=\"background-image: url(https:\/\/www.campinglesvagues.fr\/wp-content\/uploads\/2022\/08\/ile-d-yeu-IMG_8425.jpg)\">\r\n\t\t\t\t\t\t\t\t\t\t\t<img decoding=\"async\" src=\"https:\/\/www.campinglesvagues.fr\/wp-content\/uploads\/2022\/08\/ile-d-yeu-IMG_8425.jpg\" alt=\"\" loading=\"lazy\">\r\n\t\t\t\t\t\t\t\t\t\t<\/a>\r\n\t\t\t\t\t\t\t\t\t<\/div>\r\n\r\n\t\t\t\t\r\n\t\t\t\t\t\t\t\t\t\t\t\r\n\t\t\t\t\r\n\t\t\t\t<div class=\"sev-diaporama-portfolio-item col-12 col-sm \">\r\n\t\t\t\t\t\t\t\t\t\t<a href=\"https:\/\/www.campinglesvagues.fr\/wp-content\/uploads\/2022\/08\/ile-d-yeu-cote-rocheuse.jpg\" data-lightbox=\"sevgallery-1953223430\" style=\"background-image: url(https:\/\/www.campinglesvagues.fr\/wp-content\/uploads\/2022\/08\/ile-d-yeu-cote-rocheuse.jpg)\">\r\n\t\t\t\t\t\t\t\t\t\t\t<img decoding=\"async\" src=\"https:\/\/www.campinglesvagues.fr\/wp-content\/uploads\/2022\/08\/ile-d-yeu-cote-rocheuse.jpg\" alt=\"\" loading=\"lazy\">\r\n\t\t\t\t\t\t\t\t\t\t<\/a>\r\n\t\t\t\t\t\t\t\t\t<\/div>\r\n\r\n\t\t\t\t\t\t\t\t\t<div class=\"w-100\"><\/div>\r\n\t\t\t\t\t\t\t\t\t\r\n\t\t\t\t\t\t\t\t\t\t\t\t\t\t<\/div>\r\n\t\t\t<\/div>\r\n\t\t\t\n","protected":false},"excerpt":{"rendered":"<p>100% nature experiences: day 2 Discovering the island of Yeu&#8230; This 100% intense experience will require a small sacrifice for some&#8230;Waking up at dawn (I&#8217;m exaggerating a bit) and in a good mood.Indeed, we take you to the island of Yeu.This island paradise with a rich history is worth a visit. To do this, we [&hellip;]<\/p>\n","protected":false},"author":1,"featured_media":0,"parent":1471,"menu_order":0,"comment_status":"closed","ping_status":"closed","template":"","meta":{"_seopress_robots_primary_cat":"","_seopress_titles_title":"100% nature experiences - Vend\u00e9e","_seopress_titles_desc":"Experience 100% nature in the 4 star campsite Les Vagues in Br\u00e9tignolles sur Mer in Vend\u00e9e","_seopress_robots_index":"","footnotes":""},"class_list":["post-1497","page","type-page","status-publish","hentry"],"_links":{"self":[{"href":"https:\/\/www.campinglesvagues.fr\/en\/wp-json\/wp\/v2\/pages\/1497","targetHints":{"allow":["GET"]}}],"collection":[{"href":"https:\/\/www.campinglesvagues.fr\/en\/wp-json\/wp\/v2\/pages"}],"about":[{"href":"https:\/\/www.campinglesvagues.fr\/en\/wp-json\/wp\/v2\/types\/page"}],"author":[{"embeddable":true,"href":"https:\/\/www.campinglesvagues.fr\/en\/wp-json\/wp\/v2\/users\/1"}],"replies":[{"embeddable":true,"href":"https:\/\/www.campinglesvagues.fr\/en\/wp-json\/wp\/v2\/comments?post=1497"}],"version-history":[{"count":2,"href":"https:\/\/www.campinglesvagues.fr\/en\/wp-json\/wp\/v2\/pages\/1497\/revisions"}],"predecessor-version":[{"id":1616,"href":"https:\/\/www.campinglesvagues.fr\/en\/wp-json\/wp\/v2\/pages\/1497\/revisions\/1616"}],"up":[{"embeddable":true,"href":"https:\/\/www.campinglesvagues.fr\/en\/wp-json\/wp\/v2\/pages\/1471"}],"wp:attachment":[{"href":"https:\/\/www.campinglesvagues.fr\/en\/wp-json\/wp\/v2\/media?parent=1497"}],"curies":[{"name":"wp","href":"https:\/\/api.w.org\/{rel}","templated":true}]}}