{"id":1529,"date":"2022-08-31T14:16:47","date_gmt":"2022-08-31T12:16:47","guid":{"rendered":"https:\/\/www.campinglesvagues.fr\/the-salt-marshes"},"modified":"2022-10-25T11:31:09","modified_gmt":"2022-10-25T09:31:09","slug":"the-salt-marshes","status":"publish","type":"page","link":"https:\/\/www.campinglesvagues.fr\/en\/the-salt-marshes","title":{"rendered":"The Salt Marshes"},"content":{"rendered":"\n<h1 class=\"wp-block-heading\">The Salt Marshes<\/h1>\n\n<p>If the Vend\u00e9e is known for the wild beauty of its long sandy stretches, this territory has many other surprises in store for you. You can also consult the &#8221; <a href=\"https:\/\/www.campinglesvagues.fr\/en\/the-experiments\" data-type=\"page\" data-id=\"335\">Our experiences<\/a> &#8221; section to get an overview of the dream days we have concocted for you.<br\/>We invite you for example to discover the <strong>salt marshes of life<\/strong> on the side of Saint Hilaire de Riez.<br\/>A few steps away from our campsite, you will discover a remarkable natural site which will not fail to seduce you. A total immersion in <strong>a postcard setting<\/strong> to discover the mysteries surrounding the profession of the salt worker, that&#8217;s what awaits you.<\/p>\n\n<h2 class=\"wp-block-heading\">The salt marshes are the successful marriage of man and nature.<\/h2>\n\n<p>These landscapes have been shaped for centuries by men so that the latter can harvest <strong>the white gold<\/strong>, otherwise known as salt.<br\/>It is this ancestral trade that you will discover&#8230; Precise gestures and anchored in the memories, to observe the work of the saunier is already a true spectacle in itself.<br\/>And it&#8217;s the perfect place to reconnect with nature.<br\/>The water and the earth make up this natural space, you will feel, believe us, soft and comforting vibrations. It is a trip, in any case, that we advise you.<\/p>\n\n<p class=\"has-vert-color has-text-color\"><em><strong>What you need to know before going on a trip to the salt marshes of La Vie&#8230;<\/strong><\/em><\/p>\n\n<ul class=\"wp-block-list\"><li>The guided tour which lasts 1H30 is only available on reservation (from Tuesday to Sunday, in the afternoon, in June and September \/ from Sunday to Friday in July and August).<\/li><\/ul>\n<p><em><strong>An idea of the rates:<\/strong><\/em><\/p>\n\n<ul class=\"wp-block-list\"><li>Adult rate : 5,50 \u20ac.<\/li><li>Children&#8217;s rate (from 6 to 18 years old) : 3,50<\/li><li>Family formula: 16 \u20ac.<\/li><li>Reduced individual rate : 4,50 \u20ac<br\/>(Students \/ C\u00e9zam card \/ Job seekers \/ Tourist pass)<\/li><li>Adult group rate (from 20 people) : 4,50 \u20ac.<\/li><\/ul><div class=\"wp-block-sev-diaporama alignfull\">\t\t\t<div id=\"sevgallery-130154306\" class=\"sev-diaporama sev-diaporama-portfolio\">\r\n\t\t\t<div class=\"row\">\r\n\r\n\t\t\t\r\n\t\t\t\t\r\n\t\t\t\t<div class=\"sev-diaporama-portfolio-item col-12 col-sm \">\r\n\t\t\t\t\t\t\t\t\t\t<a href=\"https:\/\/www.campinglesvagues.fr\/wp-content\/uploads\/2022\/08\/Marais_salants_Thierry_Odeon-1.jpg\" data-lightbox=\"sevgallery-130154306\" style=\"background-image: url(https:\/\/www.campinglesvagues.fr\/wp-content\/uploads\/2022\/08\/Marais_salants_Thierry_Odeon-1.jpg)\">\r\n\t\t\t\t\t\t\t\t\t\t\t<img decoding=\"async\" src=\"https:\/\/www.campinglesvagues.fr\/wp-content\/uploads\/2022\/08\/Marais_salants_Thierry_Odeon-1.jpg\" alt=\"\" loading=\"lazy\">\r\n\t\t\t\t\t\t\t\t\t\t<\/a>\r\n\t\t\t\t\t\t\t\t\t<\/div>\r\n\r\n\t\t\t\t\r\n\t\t\t\t\t\t\t\t\t\t\t\r\n\t\t\t\t\r\n\t\t\t\t<div class=\"sev-diaporama-portfolio-item col-12 col-sm \">\r\n\t\t\t\t\t\t\t\t\t\t<a href=\"https:\/\/www.campinglesvagues.fr\/wp-content\/uploads\/2022\/08\/Marais_salants_Thierry_Odeon-2.jpg\" data-lightbox=\"sevgallery-130154306\" style=\"background-image: url(https:\/\/www.campinglesvagues.fr\/wp-content\/uploads\/2022\/08\/Marais_salants_Thierry_Odeon-2.jpg)\">\r\n\t\t\t\t\t\t\t\t\t\t\t<img decoding=\"async\" src=\"https:\/\/www.campinglesvagues.fr\/wp-content\/uploads\/2022\/08\/Marais_salants_Thierry_Odeon-2.jpg\" alt=\"\" loading=\"lazy\">\r\n\t\t\t\t\t\t\t\t\t\t<\/a>\r\n\t\t\t\t\t\t\t\t\t<\/div>\r\n\r\n\t\t\t\t\r\n\t\t\t\t\t\t\t\t\t\t\t\r\n\t\t\t\t\r\n\t\t\t\t<div class=\"sev-diaporama-portfolio-item col-12 col-sm  col-grow\">\r\n\t\t\t\t\t\t\t\t\t\t<a href=\"https:\/\/www.campinglesvagues.fr\/wp-content\/uploads\/2022\/08\/Marais_salants_Thierry_Odeon-3.jpg\" data-lightbox=\"sevgallery-130154306\" style=\"background-image: url(https:\/\/www.campinglesvagues.fr\/wp-content\/uploads\/2022\/08\/Marais_salants_Thierry_Odeon-3.jpg)\">\r\n\t\t\t\t\t\t\t\t\t\t\t<img decoding=\"async\" src=\"https:\/\/www.campinglesvagues.fr\/wp-content\/uploads\/2022\/08\/Marais_salants_Thierry_Odeon-3.jpg\" alt=\"\" loading=\"lazy\">\r\n\t\t\t\t\t\t\t\t\t\t<\/a>\r\n\t\t\t\t\t\t\t\t\t<\/div>\r\n\r\n\t\t\t\t\t\t\t\t\t<div class=\"w-100\"><\/div>\r\n\t\t\t\t\t\t\t\t\t\r\n\t\t\t\t\t\t\t\t\t\t\t\r\n\t\t\t\t\r\n\t\t\t\t<div class=\"sev-diaporama-portfolio-item col-12 col-sm  col-grow\">\r\n\t\t\t\t\t\t\t\t\t\t<a href=\"https:\/\/www.campinglesvagues.fr\/wp-content\/uploads\/2022\/08\/Marais_salants_Thierry_Odeon-4.jpg\" data-lightbox=\"sevgallery-130154306\" style=\"background-image: url(https:\/\/www.campinglesvagues.fr\/wp-content\/uploads\/2022\/08\/Marais_salants_Thierry_Odeon-4.jpg)\">\r\n\t\t\t\t\t\t\t\t\t\t\t<img decoding=\"async\" src=\"https:\/\/www.campinglesvagues.fr\/wp-content\/uploads\/2022\/08\/Marais_salants_Thierry_Odeon-4.jpg\" alt=\"\" loading=\"lazy\">\r\n\t\t\t\t\t\t\t\t\t\t<\/a>\r\n\t\t\t\t\t\t\t\t\t<\/div>\r\n\r\n\t\t\t\t\r\n\t\t\t\t\t\t\t\t\t\t\t\r\n\t\t\t\t\r\n\t\t\t\t<div class=\"sev-diaporama-portfolio-item col-12 col-sm  col-grow\">\r\n\t\t\t\t\t\t\t\t\t\t<a href=\"https:\/\/www.campinglesvagues.fr\/wp-content\/uploads\/2022\/08\/Marais_salants_Thierry_Odeon.jpg\" data-lightbox=\"sevgallery-130154306\" style=\"background-image: url(https:\/\/www.campinglesvagues.fr\/wp-content\/uploads\/2022\/08\/Marais_salants_Thierry_Odeon.jpg)\">\r\n\t\t\t\t\t\t\t\t\t\t\t<img decoding=\"async\" src=\"https:\/\/www.campinglesvagues.fr\/wp-content\/uploads\/2022\/08\/Marais_salants_Thierry_Odeon.jpg\" alt=\"\" loading=\"lazy\">\r\n\t\t\t\t\t\t\t\t\t\t<\/a>\r\n\t\t\t\t\t\t\t\t\t<\/div>\r\n\r\n\t\t\t\t\r\n\t\t\t\t\t\t\t\t\t\t\t\t\t\t<\/div>\r\n\t\t\t<\/div>\r\n\t\t\t<\/div>","protected":false},"excerpt":{"rendered":"<p>The Salt Marshes If the Vend\u00e9e is known for the wild beauty of its long sandy stretches, this territory has many other surprises in store for you. You can also consult the &#8221; Our experiences &#8221; section to get an overview of the dream days we have concocted for you.We invite you for example to [&hellip;]<\/p>\n","protected":false},"author":1,"featured_media":0,"parent":0,"menu_order":0,"comment_status":"closed","ping_status":"closed","template":"","meta":{"_seopress_robots_primary_cat":"","_seopress_titles_title":"Camping Vend\u00e9e near the salt marshes - LES VAGUES **** - Camping Vend\u00e9e","_seopress_titles_desc":"Campsite in Vend\u00e9e near the marshes with aquatic area and heated indoor swimming pool, in Br\u00e9tignolles-sur-Mer, the CAMPING LES VAGUES **** welcomes you in mobile homes and pitches","_seopress_robots_index":"","footnotes":""},"class_list":["post-1529","page","type-page","status-publish","hentry"],"_links":{"self":[{"href":"https:\/\/www.campinglesvagues.fr\/en\/wp-json\/wp\/v2\/pages\/1529","targetHints":{"allow":["GET"]}}],"collection":[{"href":"https:\/\/www.campinglesvagues.fr\/en\/wp-json\/wp\/v2\/pages"}],"about":[{"href":"https:\/\/www.campinglesvagues.fr\/en\/wp-json\/wp\/v2\/types\/page"}],"author":[{"embeddable":true,"href":"https:\/\/www.campinglesvagues.fr\/en\/wp-json\/wp\/v2\/users\/1"}],"replies":[{"embeddable":true,"href":"https:\/\/www.campinglesvagues.fr\/en\/wp-json\/wp\/v2\/comments?post=1529"}],"version-history":[{"count":1,"href":"https:\/\/www.campinglesvagues.fr\/en\/wp-json\/wp\/v2\/pages\/1529\/revisions"}],"predecessor-version":[{"id":1533,"href":"https:\/\/www.campinglesvagues.fr\/en\/wp-json\/wp\/v2\/pages\/1529\/revisions\/1533"}],"wp:attachment":[{"href":"https:\/\/www.campinglesvagues.fr\/en\/wp-json\/wp\/v2\/media?parent=1529"}],"curies":[{"name":"wp","href":"https:\/\/api.w.org\/{rel}","templated":true}]}}