{"id":1531,"date":"2022-08-30T15:29:19","date_gmt":"2022-08-30T13:29:19","guid":{"rendered":"https:\/\/www.campinglesvagues.fr\/the-equipment"},"modified":"2022-10-25T11:31:08","modified_gmt":"2022-10-25T09:31:08","slug":"the-equipment","status":"publish","type":"page","link":"https:\/\/www.campinglesvagues.fr\/en\/the-equipment","title":{"rendered":"The equipment"},"content":{"rendered":"\n<h1 class=\"wp-block-heading\">The equipment<\/h1>\n\n<p>Here, everything is planned so that your stay is spent in the best conditions, whether you are at the &#8220;nature&#8221; campsite or whether you have opted for the comfort of our rentals.<\/p>\n\n<p>At your convenience, <strong>a snack bar<\/strong> (open every day in July\/August), a <strong>free wifi access on the campsite<\/strong>.<\/p>\n\n<p>In order to keep the whole family busy, we have<strong>a children&#8217;s club <\/strong>and are equipped with<strong>sports areas<\/strong> (tennis court, multi-sports court, petanque court, ping pong room, fitness room, children&#8217;s playground).<\/p>\n\n<p>Outside, we have an <strong>outdoor and indoor heated swimming pool<\/strong>, as well as an <strong>aquatic area and slides<\/strong> for children and adults.  <\/p>\n\n<p>The ideal place for a lazy day with the family.<\/p>\n<div class=\"wp-block-sev-diaporama alignfull\">\t\t\t<div id=\"sevgallery-2002427833\" class=\"sev-diaporama sev-diaporama-portfolio\">\r\n\t\t\t<div class=\"row\">\r\n\r\n\t\t\t\r\n\t\t\t\t\r\n\t\t\t\t<div class=\"sev-diaporama-portfolio-item col-12 col-sm  col-grow\">\r\n\t\t\t\t\t\t\t\t\t\t<a href=\"https:\/\/www.campinglesvagues.fr\/wp-content\/uploads\/2022\/08\/4.jpg\" data-lightbox=\"sevgallery-2002427833\" style=\"background-image: url(https:\/\/www.campinglesvagues.fr\/wp-content\/uploads\/2022\/08\/4.jpg)\">\r\n\t\t\t\t\t\t\t\t\t\t\t<img decoding=\"async\" src=\"https:\/\/www.campinglesvagues.fr\/wp-content\/uploads\/2022\/08\/4.jpg\" alt=\"\" loading=\"lazy\">\r\n\t\t\t\t\t\t\t\t\t\t<\/a>\r\n\t\t\t\t\t\t\t\t\t<\/div>\r\n\r\n\t\t\t\t\r\n\t\t\t\t\t\t\t\t\t\t\t\r\n\t\t\t\t\r\n\t\t\t\t<div class=\"sev-diaporama-portfolio-item col-12 col-sm \">\r\n\t\t\t\t\t\t\t\t\t\t<a href=\"https:\/\/www.campinglesvagues.fr\/wp-content\/uploads\/2022\/08\/295187114_1144019612848403_7837197687488948306_n.jpg\" data-lightbox=\"sevgallery-2002427833\" style=\"background-image: url(https:\/\/www.campinglesvagues.fr\/wp-content\/uploads\/2022\/08\/295187114_1144019612848403_7837197687488948306_n.jpg)\">\r\n\t\t\t\t\t\t\t\t\t\t\t<img decoding=\"async\" src=\"https:\/\/www.campinglesvagues.fr\/wp-content\/uploads\/2022\/08\/295187114_1144019612848403_7837197687488948306_n.jpg\" alt=\"\" loading=\"lazy\">\r\n\t\t\t\t\t\t\t\t\t\t<\/a>\r\n\t\t\t\t\t\t\t\t\t<\/div>\r\n\r\n\t\t\t\t\r\n\t\t\t\t\t\t\t\t\t\t\t\r\n\t\t\t\t\r\n\t\t\t\t<div class=\"sev-diaporama-portfolio-item col-12 col-sm  col-grow\">\r\n\t\t\t\t\t\t\t\t\t\t<a href=\"https:\/\/www.campinglesvagues.fr\/wp-content\/uploads\/2022\/08\/296054975_2245374708943464_8569279474821378654_n.jpg\" data-lightbox=\"sevgallery-2002427833\" style=\"background-image: url(https:\/\/www.campinglesvagues.fr\/wp-content\/uploads\/2022\/08\/296054975_2245374708943464_8569279474821378654_n.jpg)\">\r\n\t\t\t\t\t\t\t\t\t\t\t<img decoding=\"async\" src=\"https:\/\/www.campinglesvagues.fr\/wp-content\/uploads\/2022\/08\/296054975_2245374708943464_8569279474821378654_n.jpg\" alt=\"\" loading=\"lazy\">\r\n\t\t\t\t\t\t\t\t\t\t<\/a>\r\n\t\t\t\t\t\t\t\t\t<\/div>\r\n\r\n\t\t\t\t\r\n\t\t\t\t\t\t\t\t\t\t\t\r\n\t\t\t\t\r\n\t\t\t\t<div class=\"sev-diaporama-portfolio-item col-12 col-sm  col-grow\">\r\n\t\t\t\t\t\t\t\t\t\t<a href=\"https:\/\/www.campinglesvagues.fr\/wp-content\/uploads\/2022\/08\/296397983_439609164734662_392581057830320134_n.jpg\" data-lightbox=\"sevgallery-2002427833\" style=\"background-image: url(https:\/\/www.campinglesvagues.fr\/wp-content\/uploads\/2022\/08\/296397983_439609164734662_392581057830320134_n.jpg)\">\r\n\t\t\t\t\t\t\t\t\t\t\t<img decoding=\"async\" src=\"https:\/\/www.campinglesvagues.fr\/wp-content\/uploads\/2022\/08\/296397983_439609164734662_392581057830320134_n.jpg\" alt=\"\" loading=\"lazy\">\r\n\t\t\t\t\t\t\t\t\t\t<\/a>\r\n\t\t\t\t\t\t\t\t\t<\/div>\r\n\r\n\t\t\t\t\t\t\t\t\t<div class=\"w-100\"><\/div>\r\n\t\t\t\t\t\t\t\t\t\r\n\t\t\t\t\t\t\t\t\t\t\t\r\n\t\t\t\t\r\n\t\t\t\t<div class=\"sev-diaporama-portfolio-item col-12 col-sm \">\r\n\t\t\t\t\t\t\t\t\t\t<a href=\"https:\/\/www.campinglesvagues.fr\/wp-content\/uploads\/2022\/08\/296711863_2228388420644094_8165710764887850109_n.jpg\" data-lightbox=\"sevgallery-2002427833\" style=\"background-image: url(https:\/\/www.campinglesvagues.fr\/wp-content\/uploads\/2022\/08\/296711863_2228388420644094_8165710764887850109_n.jpg)\">\r\n\t\t\t\t\t\t\t\t\t\t\t<img decoding=\"async\" src=\"https:\/\/www.campinglesvagues.fr\/wp-content\/uploads\/2022\/08\/296711863_2228388420644094_8165710764887850109_n.jpg\" alt=\"\" loading=\"lazy\">\r\n\t\t\t\t\t\t\t\t\t\t<\/a>\r\n\t\t\t\t\t\t\t\t\t<\/div>\r\n\r\n\t\t\t\t\r\n\t\t\t\t\t\t\t\t\t\t\t\r\n\t\t\t\t\r\n\t\t\t\t<div class=\"sev-diaporama-portfolio-item col-12 col-sm  col-grow\">\r\n\t\t\t\t\t\t\t\t\t\t<a href=\"https:\/\/www.campinglesvagues.fr\/wp-content\/uploads\/2022\/08\/296962611_1750937208580238_5650001599137139238_n.jpg\" data-lightbox=\"sevgallery-2002427833\" style=\"background-image: url(https:\/\/www.campinglesvagues.fr\/wp-content\/uploads\/2022\/08\/296962611_1750937208580238_5650001599137139238_n.jpg)\">\r\n\t\t\t\t\t\t\t\t\t\t\t<img decoding=\"async\" src=\"https:\/\/www.campinglesvagues.fr\/wp-content\/uploads\/2022\/08\/296962611_1750937208580238_5650001599137139238_n.jpg\" alt=\"\" loading=\"lazy\">\r\n\t\t\t\t\t\t\t\t\t\t<\/a>\r\n\t\t\t\t\t\t\t\t\t<\/div>\r\n\r\n\t\t\t\t\r\n\t\t\t\t\t\t\t\t\t\t\t\r\n\t\t\t\t\r\n\t\t\t\t<div class=\"sev-diaporama-portfolio-item col-12 col-sm  col-shrink\">\r\n\t\t\t\t\t\t\t\t\t\t<a href=\"https:\/\/www.campinglesvagues.fr\/wp-content\/uploads\/2022\/08\/IMG_2308.jpg\" data-lightbox=\"sevgallery-2002427833\" style=\"background-image: url(https:\/\/www.campinglesvagues.fr\/wp-content\/uploads\/2022\/08\/IMG_2308.jpg)\">\r\n\t\t\t\t\t\t\t\t\t\t\t<img decoding=\"async\" src=\"https:\/\/www.campinglesvagues.fr\/wp-content\/uploads\/2022\/08\/IMG_2308.jpg\" alt=\"\" loading=\"lazy\">\r\n\t\t\t\t\t\t\t\t\t\t<\/a>\r\n\t\t\t\t\t\t\t\t\t<\/div>\r\n\r\n\t\t\t\t\r\n\t\t\t\t\t\t\t\t\t\t\t\r\n\t\t\t\t\r\n\t\t\t\t<div class=\"sev-diaporama-portfolio-item col-12 col-sm \">\r\n\t\t\t\t\t\t\t\t\t\t<a href=\"https:\/\/www.campinglesvagues.fr\/wp-content\/uploads\/2022\/08\/IMG_4294-1.jpg\" data-lightbox=\"sevgallery-2002427833\" style=\"background-image: url(https:\/\/www.campinglesvagues.fr\/wp-content\/uploads\/2022\/08\/IMG_4294-1.jpg)\">\r\n\t\t\t\t\t\t\t\t\t\t\t<img decoding=\"async\" src=\"https:\/\/www.campinglesvagues.fr\/wp-content\/uploads\/2022\/08\/IMG_4294-1.jpg\" alt=\"\" loading=\"lazy\">\r\n\t\t\t\t\t\t\t\t\t\t<\/a>\r\n\t\t\t\t\t\t\t\t\t<\/div>\r\n\r\n\t\t\t\t\t\t\t\t\t<div class=\"w-100\"><\/div>\r\n\t\t\t\t\t\t\t\t\t\r\n\t\t\t\t\t\t\t\t\t\t\t\r\n\t\t\t\t\r\n\t\t\t\t<div class=\"sev-diaporama-portfolio-item col-12 col-sm  col-grow\">\r\n\t\t\t\t\t\t\t\t\t\t<a href=\"https:\/\/www.campinglesvagues.fr\/wp-content\/uploads\/2022\/08\/IMG_20210824_152905.jpg\" data-lightbox=\"sevgallery-2002427833\" style=\"background-image: url(https:\/\/www.campinglesvagues.fr\/wp-content\/uploads\/2022\/08\/IMG_20210824_152905.jpg)\">\r\n\t\t\t\t\t\t\t\t\t\t\t<img decoding=\"async\" src=\"https:\/\/www.campinglesvagues.fr\/wp-content\/uploads\/2022\/08\/IMG_20210824_152905.jpg\" alt=\"\" loading=\"lazy\">\r\n\t\t\t\t\t\t\t\t\t\t<\/a>\r\n\t\t\t\t\t\t\t\t\t<\/div>\r\n\r\n\t\t\t\t\r\n\t\t\t\t\t\t\t\t\t\t\t\r\n\t\t\t\t\r\n\t\t\t\t<div class=\"sev-diaporama-portfolio-item col-12 col-sm  col-shrink\">\r\n\t\t\t\t\t\t\t\t\t\t<a href=\"https:\/\/www.campinglesvagues.fr\/wp-content\/uploads\/2022\/09\/CAMPING-VAGUES-DAY02-HD-218-1.jpg\" data-lightbox=\"sevgallery-2002427833\" style=\"background-image: url(https:\/\/www.campinglesvagues.fr\/wp-content\/uploads\/2022\/09\/CAMPING-VAGUES-DAY02-HD-218-1.jpg)\">\r\n\t\t\t\t\t\t\t\t\t\t\t<img decoding=\"async\" src=\"https:\/\/www.campinglesvagues.fr\/wp-content\/uploads\/2022\/09\/CAMPING-VAGUES-DAY02-HD-218-1.jpg\" alt=\"\" loading=\"lazy\">\r\n\t\t\t\t\t\t\t\t\t\t<\/a>\r\n\t\t\t\t\t\t\t\t\t<\/div>\r\n\r\n\t\t\t\t\r\n\t\t\t\t\t\t\t\t\t\t\t\r\n\t\t\t\t\r\n\t\t\t\t<div class=\"sev-diaporama-portfolio-item col-12 col-sm  col-shrink\">\r\n\t\t\t\t\t\t\t\t\t\t<a href=\"https:\/\/www.campinglesvagues.fr\/wp-content\/uploads\/2022\/09\/IMG_20200830_121433.jpg\" data-lightbox=\"sevgallery-2002427833\" style=\"background-image: url(https:\/\/www.campinglesvagues.fr\/wp-content\/uploads\/2022\/09\/IMG_20200830_121433.jpg)\">\r\n\t\t\t\t\t\t\t\t\t\t\t<img decoding=\"async\" src=\"https:\/\/www.campinglesvagues.fr\/wp-content\/uploads\/2022\/09\/IMG_20200830_121433.jpg\" alt=\"\" loading=\"lazy\">\r\n\t\t\t\t\t\t\t\t\t\t<\/a>\r\n\t\t\t\t\t\t\t\t\t<\/div>\r\n\r\n\t\t\t\t\r\n\t\t\t\t\t\t\t\t\t\t\t\r\n\t\t\t\t\r\n\t\t\t\t<div class=\"sev-diaporama-portfolio-item col-12 col-sm \">\r\n\t\t\t\t\t\t\t\t\t\t<a href=\"https:\/\/www.campinglesvagues.fr\/wp-content\/uploads\/2022\/09\/IMG_5644-2.jpg\" data-lightbox=\"sevgallery-2002427833\" style=\"background-image: url(https:\/\/www.campinglesvagues.fr\/wp-content\/uploads\/2022\/09\/IMG_5644-2.jpg)\">\r\n\t\t\t\t\t\t\t\t\t\t\t<img decoding=\"async\" src=\"https:\/\/www.campinglesvagues.fr\/wp-content\/uploads\/2022\/09\/IMG_5644-2.jpg\" alt=\"\" loading=\"lazy\">\r\n\t\t\t\t\t\t\t\t\t\t<\/a>\r\n\t\t\t\t\t\t\t\t\t<\/div>\r\n\r\n\t\t\t\t\t\t\t\t\t<div class=\"w-100\"><\/div>\r\n\t\t\t\t\t\t\t\t\t\r\n\t\t\t\t\t\t\t\t\t\t\t\r\n\t\t\t\t\r\n\t\t\t\t<div class=\"sev-diaporama-portfolio-item col-12 col-sm  col-shrink\">\r\n\t\t\t\t\t\t\t\t\t\t<a href=\"https:\/\/www.campinglesvagues.fr\/wp-content\/uploads\/2022\/09\/IMG_5658.jpg\" data-lightbox=\"sevgallery-2002427833\" style=\"background-image: url(https:\/\/www.campinglesvagues.fr\/wp-content\/uploads\/2022\/09\/IMG_5658.jpg)\">\r\n\t\t\t\t\t\t\t\t\t\t\t<img decoding=\"async\" src=\"https:\/\/www.campinglesvagues.fr\/wp-content\/uploads\/2022\/09\/IMG_5658.jpg\" alt=\"\" loading=\"lazy\">\r\n\t\t\t\t\t\t\t\t\t\t<\/a>\r\n\t\t\t\t\t\t\t\t\t<\/div>\r\n\r\n\t\t\t\t\r\n\t\t\t\t\t\t\t\t\t\t\t\t\t\t<\/div>\r\n\t\t\t<\/div>\r\n\t\t\t<\/div>","protected":false},"excerpt":{"rendered":"<p>The equipment Here, everything is planned so that your stay is spent in the best conditions, whether you are at the &#8220;nature&#8221; campsite or whether you have opted for the comfort of our rentals. At your convenience, a snack bar (open every day in July\/August), a free wifi access on the campsite. In order to [&hellip;]<\/p>\n","protected":false},"author":1,"featured_media":0,"parent":0,"menu_order":0,"comment_status":"closed","ping_status":"closed","template":"","meta":{"_seopress_robots_primary_cat":"","_seopress_titles_title":"Facilities and services of the campsite 4**** LES VAGUES in Vend\u00e9e","_seopress_titles_desc":"4 stars services at Les Vagues campsite in Br\u00e9tignolles-sur-Mer in Vend\u00e9e, aquatic area, indoor swimming pool, mobile homes and camping pitches to rent for your vacations on the coast of light","_seopress_robots_index":"","footnotes":""},"class_list":["post-1531","page","type-page","status-publish","hentry"],"_links":{"self":[{"href":"https:\/\/www.campinglesvagues.fr\/en\/wp-json\/wp\/v2\/pages\/1531","targetHints":{"allow":["GET"]}}],"collection":[{"href":"https:\/\/www.campinglesvagues.fr\/en\/wp-json\/wp\/v2\/pages"}],"about":[{"href":"https:\/\/www.campinglesvagues.fr\/en\/wp-json\/wp\/v2\/types\/page"}],"author":[{"embeddable":true,"href":"https:\/\/www.campinglesvagues.fr\/en\/wp-json\/wp\/v2\/users\/1"}],"replies":[{"embeddable":true,"href":"https:\/\/www.campinglesvagues.fr\/en\/wp-json\/wp\/v2\/comments?post=1531"}],"version-history":[{"count":1,"href":"https:\/\/www.campinglesvagues.fr\/en\/wp-json\/wp\/v2\/pages\/1531\/revisions"}],"predecessor-version":[{"id":1535,"href":"https:\/\/www.campinglesvagues.fr\/en\/wp-json\/wp\/v2\/pages\/1531\/revisions\/1535"}],"wp:attachment":[{"href":"https:\/\/www.campinglesvagues.fr\/en\/wp-json\/wp\/v2\/media?parent=1531"}],"curies":[{"name":"wp","href":"https:\/\/api.w.org\/{rel}","templated":true}]}}