{"id":1545,"date":"2022-08-30T14:59:23","date_gmt":"2022-08-30T12:59:23","guid":{"rendered":"https:\/\/www.campinglesvagues.fr\/sea-fishing"},"modified":"2022-10-25T11:31:24","modified_gmt":"2022-10-25T09:31:24","slug":"sea-fishing","status":"publish","type":"page","link":"https:\/\/www.campinglesvagues.fr\/en\/sea-fishing","title":{"rendered":"Sea fishing"},"content":{"rendered":"\n<h1 class=\"wp-block-heading\">Sea fishing<\/h1>\n\n<p>By staying at the campsite Les Vagues, you will be a few minutes away from the seaside resort of <strong>Saint Gilles Croix de<\/strong> Vie.<br\/>In Saint Gilles Croix de Vie, fishing has been an institution for many years. Its port is also known for its blue fish fishing. You have probably already heard of or even tasted <strong>the canned sardines of La Perle des Dieux<\/strong>, which are fished in the Vend\u00e9e.<\/p>\n\n<div class=\"wp-block-columns is-layout-flex wp-container-core-columns-is-layout-28f84493 wp-block-columns-is-layout-flex\">\n<div class=\"wp-block-column is-layout-flow wp-block-column-is-layout-flow\">\n<h2 class=\"wp-block-heading\">Sea trip<\/h2>\n\n\n\n<p>During your stay in the Vend\u00e9e, board a real fishing boat for a simple walk or for a fishing trip. Half day or night, you choose your excursion. The fishermen will lend you equipment so that you can try your hand at fishing.<\/p>\n\n\n\n<p><em>\n  <strong>Little extra :<\/strong>\n<\/em> the fish you catch is for you! Cook it and enjoy it for lunch!<br\/>You can book your sea fishing trip with &#8221; <em>L&#8217;ami du p\u00eacheur<\/em> &#8221; or &#8221; <em>Mephisto IV<\/em> &#8220;.<\/p>\n\n\n\n<div class=\"wp-block-group border border-dark card p-4 is-layout-flow wp-block-group-is-layout-flow\">\n<p class=\"h2-like has-vert-color has-text-color\"><strong><em>To do:  <\/em><\/strong><\/p>\n\n\n\n<p>don&#8217;t miss the Sardine Workshop. A museum that traces the history of the Pearl of the Gods and the sardine. Sardine fishing will no longer hold any secrets for you!<\/p>\n<\/div>\n<\/div>\n\n\n\n<div class=\"wp-block-column is-layout-flow wp-block-column-is-layout-flow\">\n<h2 class=\"wp-block-heading\">Sale at the Auction<\/h2>\n\n\n\n<p>Who has never wanted to discover the backstage of a fish auction? Come and experience a unique moment when you return from fishing.<\/p>\n\n\n\n<p>For that, you will have to get up early. See you at 5:15 for an <strong>exclusive guided tour<\/strong>.  <\/p>\n\n\n\n<p>On the program: discovery of the functioning of a fish market, fish-trading boxes, weighing and sales areas, shipping docks. And above all, discover the famous auction!<\/p>\n\n\n\n<p><strong>\n  <em>To know :<\/em>\n<\/strong> this guided tour takes place every Friday morning in June, July and August. Registration is done at the tourist office.<\/p>\n<\/div>\n<\/div>\n<div class=\"wp-block-sev-diaporama alignfull\">\t\t\t<div id=\"sevgallery-51278374\" class=\"sev-diaporama sev-diaporama-portfolio\">\r\n\t\t\t<div class=\"row\">\r\n\r\n\t\t\t\r\n\t\t\t\t\r\n\t\t\t\t<div class=\"sev-diaporama-portfolio-item col-12 col-sm  col-shrink\">\r\n\t\t\t\t\t\t\t\t\t\t<a href=\"https:\/\/www.campinglesvagues.fr\/wp-content\/uploads\/2022\/08\/filet-de-peche-IMG_9170.jpg\" data-lightbox=\"sevgallery-51278374\" style=\"background-image: url(https:\/\/www.campinglesvagues.fr\/wp-content\/uploads\/2022\/08\/filet-de-peche-IMG_9170.jpg)\">\r\n\t\t\t\t\t\t\t\t\t\t\t<img decoding=\"async\" src=\"https:\/\/www.campinglesvagues.fr\/wp-content\/uploads\/2022\/08\/filet-de-peche-IMG_9170.jpg\" alt=\"\" loading=\"lazy\">\r\n\t\t\t\t\t\t\t\t\t\t<\/a>\r\n\t\t\t\t\t\t\t\t\t<\/div>\r\n\r\n\t\t\t\t\r\n\t\t\t\t\t\t\t\t\t\t\t\r\n\t\t\t\t\r\n\t\t\t\t<div class=\"sev-diaporama-portfolio-item col-12 col-sm \">\r\n\t\t\t\t\t\t\t\t\t\t<a href=\"https:\/\/www.campinglesvagues.fr\/wp-content\/uploads\/2022\/08\/bateau-de-peche-avant-campagne-IMG_9631.jpg\" data-lightbox=\"sevgallery-51278374\" style=\"background-image: url(https:\/\/www.campinglesvagues.fr\/wp-content\/uploads\/2022\/08\/bateau-de-peche-avant-campagne-IMG_9631.jpg)\">\r\n\t\t\t\t\t\t\t\t\t\t\t<img decoding=\"async\" src=\"https:\/\/www.campinglesvagues.fr\/wp-content\/uploads\/2022\/08\/bateau-de-peche-avant-campagne-IMG_9631.jpg\" alt=\"\" loading=\"lazy\">\r\n\t\t\t\t\t\t\t\t\t\t<\/a>\r\n\t\t\t\t\t\t\t\t\t<\/div>\r\n\r\n\t\t\t\t\r\n\t\t\t\t\t\t\t\t\t\t\t\r\n\t\t\t\t\r\n\t\t\t\t<div class=\"sev-diaporama-portfolio-item col-12 col-sm  col-shrink\">\r\n\t\t\t\t\t\t\t\t\t\t<a href=\"https:\/\/www.campinglesvagues.fr\/wp-content\/uploads\/2022\/08\/bateau-peche-sortie-chenal-IMG_9596.jpg\" data-lightbox=\"sevgallery-51278374\" style=\"background-image: url(https:\/\/www.campinglesvagues.fr\/wp-content\/uploads\/2022\/08\/bateau-peche-sortie-chenal-IMG_9596.jpg)\">\r\n\t\t\t\t\t\t\t\t\t\t\t<img decoding=\"async\" src=\"https:\/\/www.campinglesvagues.fr\/wp-content\/uploads\/2022\/08\/bateau-peche-sortie-chenal-IMG_9596.jpg\" alt=\"\" loading=\"lazy\">\r\n\t\t\t\t\t\t\t\t\t\t<\/a>\r\n\t\t\t\t\t\t\t\t\t<\/div>\r\n\r\n\t\t\t\t\r\n\t\t\t\t\t\t\t\t\t\t\t\r\n\t\t\t\t\r\n\t\t\t\t<div class=\"sev-diaporama-portfolio-item col-12 col-sm  col-shrink\">\r\n\t\t\t\t\t\t\t\t\t\t<a href=\"https:\/\/www.campinglesvagues.fr\/wp-content\/uploads\/2022\/08\/groupes-de-bateaux-de-peche-IMG_7976.jpg\" data-lightbox=\"sevgallery-51278374\" style=\"background-image: url(https:\/\/www.campinglesvagues.fr\/wp-content\/uploads\/2022\/08\/groupes-de-bateaux-de-peche-IMG_7976.jpg)\">\r\n\t\t\t\t\t\t\t\t\t\t\t<img decoding=\"async\" src=\"https:\/\/www.campinglesvagues.fr\/wp-content\/uploads\/2022\/08\/groupes-de-bateaux-de-peche-IMG_7976.jpg\" alt=\"\" loading=\"lazy\">\r\n\t\t\t\t\t\t\t\t\t\t<\/a>\r\n\t\t\t\t\t\t\t\t\t<\/div>\r\n\r\n\t\t\t\t\t\t\t\t\t<div class=\"w-100\"><\/div>\r\n\t\t\t\t\t\t\t\t\t\r\n\t\t\t\t\t\t\t\t\t\t\t\t\t\t<\/div>\r\n\t\t\t<\/div>\r\n\t\t\t<\/div>","protected":false},"excerpt":{"rendered":"<p>Sea fishing By staying at the campsite Les Vagues, you will be a few minutes away from the seaside resort of Saint Gilles Croix de Vie.In Saint Gilles Croix de Vie, fishing has been an institution for many years. Its port is also known for its blue fish fishing. You have probably already heard of [&hellip;]<\/p>\n","protected":false},"author":1,"featured_media":0,"parent":0,"menu_order":0,"comment_status":"closed","ping_status":"closed","template":"","meta":{"_seopress_robots_primary_cat":"","_seopress_titles_title":"Sea fishing - Camping Les Vagues in Vend\u00e9e","_seopress_titles_desc":"Camping Les Vagues in Vend\u00e9e, near the most beautiful beaches of the Vend\u00e9e coast. Sea fishing and sale at the auction","_seopress_robots_index":"","footnotes":""},"class_list":["post-1545","page","type-page","status-publish","hentry"],"_links":{"self":[{"href":"https:\/\/www.campinglesvagues.fr\/en\/wp-json\/wp\/v2\/pages\/1545","targetHints":{"allow":["GET"]}}],"collection":[{"href":"https:\/\/www.campinglesvagues.fr\/en\/wp-json\/wp\/v2\/pages"}],"about":[{"href":"https:\/\/www.campinglesvagues.fr\/en\/wp-json\/wp\/v2\/types\/page"}],"author":[{"embeddable":true,"href":"https:\/\/www.campinglesvagues.fr\/en\/wp-json\/wp\/v2\/users\/1"}],"replies":[{"embeddable":true,"href":"https:\/\/www.campinglesvagues.fr\/en\/wp-json\/wp\/v2\/comments?post=1545"}],"version-history":[{"count":1,"href":"https:\/\/www.campinglesvagues.fr\/en\/wp-json\/wp\/v2\/pages\/1545\/revisions"}],"predecessor-version":[{"id":1546,"href":"https:\/\/www.campinglesvagues.fr\/en\/wp-json\/wp\/v2\/pages\/1545\/revisions\/1546"}],"wp:attachment":[{"href":"https:\/\/www.campinglesvagues.fr\/en\/wp-json\/wp\/v2\/media?parent=1545"}],"curies":[{"name":"wp","href":"https:\/\/api.w.org\/{rel}","templated":true}]}}